{"id":1362,"date":"2019-10-11T23:47:03","date_gmt":"2019-10-11T23:47:03","guid":{"rendered":"https:\/\/nuevo.aygarquitectos.net\/draft-projects\/"},"modified":"2019-10-15T20:00:39","modified_gmt":"2019-10-15T20:00:39","slug":"draft-projects","status":"publish","type":"page","link":"https:\/\/www.aygarquitectos.net\/en\/draft-projects\/","title":{"rendered":"Draft Projects"},"content":{"rendered":"\t\t<div data-elementor-type=\"wp-page\" data-elementor-id=\"1362\" class=\"elementor elementor-1362 elementor-1032\" data-elementor-post-type=\"page\">\n\t\t\t\t\t\t<section class=\"elementor-section elementor-top-section elementor-element elementor-element-a778dbf elementor-section-boxed elementor-section-height-default elementor-section-height-default\" data-id=\"a778dbf\" data-element_type=\"section\">\n\t\t\t\t\t\t<div class=\"elementor-container elementor-column-gap-default\">\n\t\t\t\t\t<div class=\"elementor-column elementor-col-100 elementor-top-column elementor-element elementor-element-de61ca4\" data-id=\"de61ca4\" data-element_type=\"column\">\n\t\t\t<div class=\"elementor-widget-wrap elementor-element-populated\">\n\t\t\t\t\t\t<div class=\"elementor-element elementor-element-2503d53 elementor-widget elementor-widget-heading\" data-id=\"2503d53\" data-element_type=\"widget\" data-widget_type=\"heading.default\">\n\t\t\t\t<div class=\"elementor-widget-container\">\n\t\t\t<h1 class=\"elementor-heading-title elementor-size-default\">Our Draft Projects<\/h1>\t\t<\/div>\n\t\t\t\t<\/div>\n\t\t\t\t<div class=\"elementor-element elementor-element-372c4fd elementor-widget elementor-widget-spacer\" data-id=\"372c4fd\" data-element_type=\"widget\" data-widget_type=\"spacer.default\">\n\t\t\t\t<div class=\"elementor-widget-container\">\n\t\t\t\t\t<div class=\"elementor-spacer\">\n\t\t\t<div class=\"elementor-spacer-inner\"><\/div>\n\t\t<\/div>\n\t\t\t\t<\/div>\n\t\t\t\t<\/div>\n\t\t\t\t<div class=\"elementor-element elementor-element-c8d996c ee-posts-thumbnail-ratio ee-grid-columns-3 ee-grid-columns-tablet-2 ee-grid-columns-mobile-1 ee-grid-align--stretch ee-grid-halign--left ee-posts-align-top ee-posts-avatar-position-left elementor-widget elementor-widget-posts-extra\" data-id=\"c8d996c\" data-element_type=\"widget\" data-settings=\"{&quot;classic_filters&quot;:&quot;yes&quot;,&quot;columns&quot;:&quot;3&quot;,&quot;columns_tablet&quot;:&quot;2&quot;,&quot;columns_mobile&quot;:&quot;1&quot;,&quot;classic_layout&quot;:&quot;default&quot;,&quot;classic_grid_columns_spacing&quot;:{&quot;unit&quot;:&quot;px&quot;,&quot;size&quot;:24,&quot;sizes&quot;:[]},&quot;classic_grid_columns_spacing_tablet&quot;:{&quot;unit&quot;:&quot;px&quot;,&quot;size&quot;:12,&quot;sizes&quot;:[]},&quot;classic_grid_columns_spacing_mobile&quot;:{&quot;unit&quot;:&quot;px&quot;,&quot;size&quot;:0,&quot;sizes&quot;:[]}}\" data-widget_type=\"posts-extra.classic\">\n\t\t\t\t<div class=\"elementor-widget-container\">\n\t\t\t<div class=\"ee-posts__nothing-found\">It seems we can&#039;t find what you&#039;re looking for.<\/div>\t\t<\/div>\n\t\t\t\t<\/div>\n\t\t\t\t\t<\/div>\n\t\t<\/div>\n\t\t\t\t\t<\/div>\n\t\t<\/section>\n\t\t\t\t<\/div>\n\t\t","protected":false},"excerpt":{"rendered":"<p>Our Draft Projects All Torres Data Centers Plazas Comerciales Condominios Comerciales Condominios Habitacionales Casas Torre Las Loras Torre C-01 Torre Ming Lang Trio Tower Torre N 01 Torre Habitacional Jac\u00f3 Data Center Paraguay Data Center MHCR Locales en Granadilla Condominio del R\u00edo Bel\u00e9n Condominio Tierra de Caf\u00e9 Condominio Coordenada 1084 Condominio Brisas del Norte Condominio [&hellip;]<\/p>\n","protected":false},"author":1,"featured_media":0,"parent":0,"menu_order":0,"comment_status":"closed","ping_status":"closed","template":"","meta":{"footnotes":""},"class_list":["post-1362","page","type-page","status-publish","hentry"],"yoast_head":"<!-- This site is optimized with the Yoast SEO plugin v24.0 - https:\/\/yoast.com\/wordpress\/plugins\/seo\/ -->\n<title>Draft Projects - Arroyo &amp; G\u00f3mez Arquitectos<\/title>\n<meta name=\"robots\" content=\"index, follow, max-snippet:-1, max-image-preview:large, max-video-preview:-1\" \/>\n<link rel=\"canonical\" href=\"https:\/\/www.aygarquitectos.net\/en\/draft-projects\/\" \/>\n<meta property=\"og:locale\" content=\"en_US\" \/>\n<meta property=\"og:type\" content=\"article\" \/>\n<meta property=\"og:title\" content=\"Draft Projects - Arroyo &amp; G\u00f3mez Arquitectos\" \/>\n<meta property=\"og:description\" content=\"Our Draft Projects All Torres Data Centers Plazas Comerciales Condominios Comerciales Condominios Habitacionales Casas Torre Las Loras Torre C-01 Torre Ming Lang Trio Tower Torre N 01 Torre Habitacional Jac\u00f3 Data Center Paraguay Data Center MHCR Locales en Granadilla Condominio del R\u00edo Bel\u00e9n Condominio Tierra de Caf\u00e9 Condominio Coordenada 1084 Condominio Brisas del Norte Condominio [&hellip;]\" \/>\n<meta property=\"og:url\" content=\"https:\/\/www.aygarquitectos.net\/en\/draft-projects\/\" \/>\n<meta property=\"og:site_name\" content=\"Arroyo &amp; G\u00f3mez Arquitectos\" \/>\n<meta property=\"article:modified_time\" content=\"2019-10-15T20:00:39+00:00\" \/>\n<meta property=\"og:image\" content=\"https:\/\/nuevo.aygarquitectos.net\/wp-content\/uploads\/2019\/10\/render-torre-las-loras-frente-786x1024.jpg\" \/>\n<meta name=\"twitter:card\" content=\"summary_large_image\" \/>\n<script type=\"application\/ld+json\" class=\"yoast-schema-graph\">{\"@context\":\"https:\/\/schema.org\",\"@graph\":[{\"@type\":\"WebPage\",\"@id\":\"https:\/\/www.aygarquitectos.net\/en\/draft-projects\/\",\"url\":\"https:\/\/www.aygarquitectos.net\/en\/draft-projects\/\",\"name\":\"Draft Projects - Arroyo &amp; G\u00f3mez Arquitectos\",\"isPartOf\":{\"@id\":\"https:\/\/www.aygarquitectos.net\/#website\"},\"primaryImageOfPage\":{\"@id\":\"https:\/\/www.aygarquitectos.net\/en\/draft-projects\/#primaryimage\"},\"image\":{\"@id\":\"https:\/\/www.aygarquitectos.net\/en\/draft-projects\/#primaryimage\"},\"thumbnailUrl\":\"https:\/\/nuevo.aygarquitectos.net\/wp-content\/uploads\/2019\/10\/render-torre-las-loras-frente-786x1024.jpg\",\"datePublished\":\"2019-10-11T23:47:03+00:00\",\"dateModified\":\"2019-10-15T20:00:39+00:00\",\"breadcrumb\":{\"@id\":\"https:\/\/www.aygarquitectos.net\/en\/draft-projects\/#breadcrumb\"},\"inLanguage\":\"en-US\",\"potentialAction\":[{\"@type\":\"ReadAction\",\"target\":[\"https:\/\/www.aygarquitectos.net\/en\/draft-projects\/\"]}]},{\"@type\":\"ImageObject\",\"inLanguage\":\"en-US\",\"@id\":\"https:\/\/www.aygarquitectos.net\/en\/draft-projects\/#primaryimage\",\"url\":\"https:\/\/nuevo.aygarquitectos.net\/wp-content\/uploads\/2019\/10\/render-torre-las-loras-frente-786x1024.jpg\",\"contentUrl\":\"https:\/\/nuevo.aygarquitectos.net\/wp-content\/uploads\/2019\/10\/render-torre-las-loras-frente-786x1024.jpg\"},{\"@type\":\"BreadcrumbList\",\"@id\":\"https:\/\/www.aygarquitectos.net\/en\/draft-projects\/#breadcrumb\",\"itemListElement\":[{\"@type\":\"ListItem\",\"position\":1,\"name\":\"Portada\",\"item\":\"https:\/\/www.aygarquitectos.net\/en\/\"},{\"@type\":\"ListItem\",\"position\":2,\"name\":\"Draft Projects\"}]},{\"@type\":\"WebSite\",\"@id\":\"https:\/\/www.aygarquitectos.net\/#website\",\"url\":\"https:\/\/www.aygarquitectos.net\/\",\"name\":\"Arroyo &amp; G\u00f3mez Arquitectos\",\"description\":\"Arroyo &amp; G\u00f3mez Arquitectos\",\"publisher\":{\"@id\":\"https:\/\/www.aygarquitectos.net\/#organization\"},\"potentialAction\":[{\"@type\":\"SearchAction\",\"target\":{\"@type\":\"EntryPoint\",\"urlTemplate\":\"https:\/\/www.aygarquitectos.net\/?s={search_term_string}\"},\"query-input\":{\"@type\":\"PropertyValueSpecification\",\"valueRequired\":true,\"valueName\":\"search_term_string\"}}],\"inLanguage\":\"en-US\"},{\"@type\":\"Organization\",\"@id\":\"https:\/\/www.aygarquitectos.net\/#organization\",\"name\":\"Arroyo &amp; G\u00f3mez Arquitectos\",\"url\":\"https:\/\/www.aygarquitectos.net\/\",\"logo\":{\"@type\":\"ImageObject\",\"inLanguage\":\"en-US\",\"@id\":\"https:\/\/www.aygarquitectos.net\/#\/schema\/logo\/image\/\",\"url\":\"https:\/\/www.aygarquitectos.net\/wp-content\/uploads\/2019\/07\/logo-ayg-600.png\",\"contentUrl\":\"https:\/\/www.aygarquitectos.net\/wp-content\/uploads\/2019\/07\/logo-ayg-600.png\",\"width\":600,\"height\":321,\"caption\":\"Arroyo &amp; G\u00f3mez Arquitectos\"},\"image\":{\"@id\":\"https:\/\/www.aygarquitectos.net\/#\/schema\/logo\/image\/\"}}]}<\/script>\n<!-- \/ Yoast SEO plugin. -->","yoast_head_json":{"title":"Draft Projects - Arroyo &amp; G\u00f3mez Arquitectos","robots":{"index":"index","follow":"follow","max-snippet":"max-snippet:-1","max-image-preview":"max-image-preview:large","max-video-preview":"max-video-preview:-1"},"canonical":"https:\/\/www.aygarquitectos.net\/en\/draft-projects\/","og_locale":"en_US","og_type":"article","og_title":"Draft Projects - Arroyo &amp; G\u00f3mez Arquitectos","og_description":"Our Draft Projects All Torres Data Centers Plazas Comerciales Condominios Comerciales Condominios Habitacionales Casas Torre Las Loras Torre C-01 Torre Ming Lang Trio Tower Torre N 01 Torre Habitacional Jac\u00f3 Data Center Paraguay Data Center MHCR Locales en Granadilla Condominio del R\u00edo Bel\u00e9n Condominio Tierra de Caf\u00e9 Condominio Coordenada 1084 Condominio Brisas del Norte Condominio [&hellip;]","og_url":"https:\/\/www.aygarquitectos.net\/en\/draft-projects\/","og_site_name":"Arroyo &amp; G\u00f3mez Arquitectos","article_modified_time":"2019-10-15T20:00:39+00:00","og_image":[{"url":"https:\/\/nuevo.aygarquitectos.net\/wp-content\/uploads\/2019\/10\/render-torre-las-loras-frente-786x1024.jpg","type":"","width":"","height":""}],"twitter_card":"summary_large_image","schema":{"@context":"https:\/\/schema.org","@graph":[{"@type":"WebPage","@id":"https:\/\/www.aygarquitectos.net\/en\/draft-projects\/","url":"https:\/\/www.aygarquitectos.net\/en\/draft-projects\/","name":"Draft Projects - Arroyo &amp; G\u00f3mez Arquitectos","isPartOf":{"@id":"https:\/\/www.aygarquitectos.net\/#website"},"primaryImageOfPage":{"@id":"https:\/\/www.aygarquitectos.net\/en\/draft-projects\/#primaryimage"},"image":{"@id":"https:\/\/www.aygarquitectos.net\/en\/draft-projects\/#primaryimage"},"thumbnailUrl":"https:\/\/nuevo.aygarquitectos.net\/wp-content\/uploads\/2019\/10\/render-torre-las-loras-frente-786x1024.jpg","datePublished":"2019-10-11T23:47:03+00:00","dateModified":"2019-10-15T20:00:39+00:00","breadcrumb":{"@id":"https:\/\/www.aygarquitectos.net\/en\/draft-projects\/#breadcrumb"},"inLanguage":"en-US","potentialAction":[{"@type":"ReadAction","target":["https:\/\/www.aygarquitectos.net\/en\/draft-projects\/"]}]},{"@type":"ImageObject","inLanguage":"en-US","@id":"https:\/\/www.aygarquitectos.net\/en\/draft-projects\/#primaryimage","url":"https:\/\/nuevo.aygarquitectos.net\/wp-content\/uploads\/2019\/10\/render-torre-las-loras-frente-786x1024.jpg","contentUrl":"https:\/\/nuevo.aygarquitectos.net\/wp-content\/uploads\/2019\/10\/render-torre-las-loras-frente-786x1024.jpg"},{"@type":"BreadcrumbList","@id":"https:\/\/www.aygarquitectos.net\/en\/draft-projects\/#breadcrumb","itemListElement":[{"@type":"ListItem","position":1,"name":"Portada","item":"https:\/\/www.aygarquitectos.net\/en\/"},{"@type":"ListItem","position":2,"name":"Draft Projects"}]},{"@type":"WebSite","@id":"https:\/\/www.aygarquitectos.net\/#website","url":"https:\/\/www.aygarquitectos.net\/","name":"Arroyo &amp; G\u00f3mez Arquitectos","description":"Arroyo &amp; G\u00f3mez Arquitectos","publisher":{"@id":"https:\/\/www.aygarquitectos.net\/#organization"},"potentialAction":[{"@type":"SearchAction","target":{"@type":"EntryPoint","urlTemplate":"https:\/\/www.aygarquitectos.net\/?s={search_term_string}"},"query-input":{"@type":"PropertyValueSpecification","valueRequired":true,"valueName":"search_term_string"}}],"inLanguage":"en-US"},{"@type":"Organization","@id":"https:\/\/www.aygarquitectos.net\/#organization","name":"Arroyo &amp; G\u00f3mez Arquitectos","url":"https:\/\/www.aygarquitectos.net\/","logo":{"@type":"ImageObject","inLanguage":"en-US","@id":"https:\/\/www.aygarquitectos.net\/#\/schema\/logo\/image\/","url":"https:\/\/www.aygarquitectos.net\/wp-content\/uploads\/2019\/07\/logo-ayg-600.png","contentUrl":"https:\/\/www.aygarquitectos.net\/wp-content\/uploads\/2019\/07\/logo-ayg-600.png","width":600,"height":321,"caption":"Arroyo &amp; G\u00f3mez Arquitectos"},"image":{"@id":"https:\/\/www.aygarquitectos.net\/#\/schema\/logo\/image\/"}}]}},"_links":{"self":[{"href":"https:\/\/www.aygarquitectos.net\/en\/wp-json\/wp\/v2\/pages\/1362","targetHints":{"allow":["GET"]}}],"collection":[{"href":"https:\/\/www.aygarquitectos.net\/en\/wp-json\/wp\/v2\/pages"}],"about":[{"href":"https:\/\/www.aygarquitectos.net\/en\/wp-json\/wp\/v2\/types\/page"}],"author":[{"embeddable":true,"href":"https:\/\/www.aygarquitectos.net\/en\/wp-json\/wp\/v2\/users\/1"}],"replies":[{"embeddable":true,"href":"https:\/\/www.aygarquitectos.net\/en\/wp-json\/wp\/v2\/comments?post=1362"}],"version-history":[{"count":2,"href":"https:\/\/www.aygarquitectos.net\/en\/wp-json\/wp\/v2\/pages\/1362\/revisions"}],"predecessor-version":[{"id":2276,"href":"https:\/\/www.aygarquitectos.net\/en\/wp-json\/wp\/v2\/pages\/1362\/revisions\/2276"}],"wp:attachment":[{"href":"https:\/\/www.aygarquitectos.net\/en\/wp-json\/wp\/v2\/media?parent=1362"}],"curies":[{"name":"wp","href":"https:\/\/api.w.org\/{rel}","templated":true}]}}